{"id":5877,"date":"2021-06-24T23:18:42","date_gmt":"2021-06-24T23:18:42","guid":{"rendered":"https:\/\/insta.lichtvoorraad.nl\/?page_id=5877"},"modified":"2022-10-29T17:59:18","modified_gmt":"2022-10-29T15:59:18","slug":"individuals","status":"publish","type":"page","link":"https:\/\/insta.systemtest.io\/en\/anwendungen\/individuals\/","title":{"rendered":"Individual solutions"},"content":{"rendered":"<section class=\"acf-block-hero\" style=\"background-image: url('https:\/\/insta.systemtest.io\/wp-content\/uploads\/2022\/09\/instalighting-startbild-individuelle-losungen.jpg')\">\n\n    <div class=\"acf-block-hero__wrapper\">\n                <!--<div class=\"acf-block-hero__wrapper__bottom\">\n            <div class=\"acf-block-hero__wrapper__brand\" style=\"< ?php echo $bgColor ?>\">\n                < ?php if ( !empty($fieldsById['page_color']) && $fieldsById['page_color'] == 1): ?>\n                    <a href=\"\/\" class=\"acf-block-hero__logo\">\n                        < ?php echo wp_get_attachment_image($options['hero_block']['logo_blue'], 'full') ?>\n                    <\/a>\n                < ?php else: ?>\n                    <a href=\"\/\" class=\"acf-block-hero__logo\">\n                        < ?php echo wp_get_attachment_image($options['hero_block']['logo'], 'full') ?>\n                    <\/a>\n                < ?php endif; ?>\n            <\/div>\n        <\/div>-->\n    <\/div>\n    <!--?php get_template_part('\/parts\/mob', 'header'); ?-->\n<\/section>\n    <div class=\"acf_hero_standalone_title\">\n        <div class=\"to-container\">\n            <h1 class=\"hero_title\">\n                <a href=\"#\">Individuelle L\u00f6sungen<\/a>\n            <\/h1>\n            <span><\/span>\n        <\/div>\n    <\/div>\n\n\n\n<div class=\"wp-block-columns is-layout-flex wp-container-core-columns-is-layout-9d6595d7 wp-block-columns-is-layout-flex\">\n<div class=\"wp-block-column to-container is-layout-flow wp-block-column-is-layout-flow\">\n<h2 class=\"wp-block-heading\">Kundenspezifische Beleuchtungsl\u00f6sungen made by InstaLighting<\/h2>\n\n\n\n<p>Besondere architektonische Konzepte werden durch Licht erst sichtbar. Idealerweise ist die Leuchte dabei Teil der Architektur und integriert sich in Form und Material nahtlos in den gebauten Raum. Ebenso bedeutsam ist die Lichtwirkung, die eine herausgehobene gestalterische Bedeutung hat. Wir verstehen deshalb Licht als die vierte Dimension von Architektur. InstaLighting verf\u00fcgt \u00fcber jahrzehntelange Erfahrung in der partnerschaftlichen Entwicklung von Sonderl\u00f6sungen. Dabei beziehen wir Steuerungskonzepte ebenso mit ein wie die Zusammenarbeit in der Montage und die Inbetriebnahme.<\/p>\n\n\n\n<h2 class=\"wp-block-heading\">References<\/h2>\n<\/div>\n<\/div>\n\n\n\n<section class=\"acf-block-referezen-select container-fluid max-width-full\">\n        <div class=\"referezen-posts-block\">\n                        <a href=\"https:\/\/insta.systemtest.io\/en\/referenz\/luisenhoehe-gesundheitsresort-schwarzwald\/\">\n                    <div class=\"referezen-single-post\" style=\"background: url(https:\/\/insta.systemtest.io\/wp-content\/uploads\/2025\/01\/Referenz-Luisenhoehe-Titel-900x724.jpg) center \/ cover no-repeat\">\n                        <div class=\"referezen-content-block\">\n                            <h3>\u2192 Luisenh\u00f6he Gesundheitsresort Schwarzwald<\/h3>\n                            <span>Licht f\u00fcr einen spektakul\u00e4ren Empfang<\/span>\n                        <\/div>\n                    <\/div>\n                <\/a>\n\n                            <a href=\"https:\/\/insta.systemtest.io\/en\/referenz\/rheinenergiestadion-erstrahlt-rot-und-weis\/\">\n                    <div class=\"referezen-single-post\" style=\"background: url(https:\/\/insta.systemtest.io\/wp-content\/uploads\/2020\/12\/imago1008571625h-scaled.jpg) center \/ cover no-repeat\">\n                        <div class=\"referezen-content-block\">\n                            <h3>\u2192 RheinEnergieSTADION erstrahlt rot und wei\u00df<\/h3>\n                            <span><\/span>\n                        <\/div>\n                    <\/div>\n                <\/a>\n\n                            <a href=\"https:\/\/insta.systemtest.io\/en\/referenz\/leonhard-weiss-verwaltungsgebaeude-satteldorf\/\">\n                    <div class=\"referezen-single-post\" style=\"background: url(https:\/\/insta.systemtest.io\/wp-content\/uploads\/2022\/02\/il_leonhardweiss_titel.jpg) center \/ cover no-repeat\">\n                        <div class=\"referezen-content-block\">\n                            <h3>\u2192 Leonhard Wei\u00df Verwaltungsgeb\u00e4ude, Satteldorf<\/h3>\n                            <span>Corporate Design mit Licht<\/span>\n                        <\/div>\n                    <\/div>\n                <\/a>\n\n                            <a href=\"https:\/\/insta.systemtest.io\/en\/referenz\/olympia-einkaufszentrum-muenchen\/\">\n                    <div class=\"referezen-single-post\" style=\"background: url(https:\/\/insta.systemtest.io\/wp-content\/uploads\/2021\/12\/web_titel.png) center \/ cover no-repeat\">\n                        <div class=\"referezen-content-block\">\n                            <h3>\u2192 Olympia Einkaufszentrum M\u00fcnchen<\/h3>\n                            <span>Love to shop<\/span>\n                        <\/div>\n                    <\/div>\n                <\/a>\n\n            \n\n    <\/div>\n   \n<\/section>\n","protected":false},"excerpt":{"rendered":"<p>Kundenspezifische Beleuchtungsl\u00f6sungen made by InstaLighting Besondere architektonische Konzepte werden durch Licht erst sichtbar. Idealerweise ist die Leuchte dabei Teil der Architektur und integriert sich in Form und Material nahtlos in den gebauten Raum. Ebenso bedeutsam ist die Lichtwirkung, die eine herausgehobene gestalterische Bedeutung hat. Wir verstehen deshalb Licht als die vierte Dimension von Architektur. InstaLighting [&hellip;]<\/p>\n","protected":false},"author":3,"featured_media":0,"parent":5732,"menu_order":0,"comment_status":"closed","ping_status":"closed","template":"","meta":{"_acf_changed":false,"footnotes":""},"class_list":["post-5877","page","type-page","status-publish","hentry"],"acf":[],"yoast_head":"<!-- This site is optimized with the Yoast SEO plugin v27.3 - https:\/\/yoast.com\/product\/yoast-seo-wordpress\/ -->\n<title>Individuall\u00f6sungen - InstaLighting<\/title>\n<meta name=\"robots\" content=\"index, follow, max-snippet:-1, max-image-preview:large, max-video-preview:-1\" \/>\n<link rel=\"canonical\" href=\"https:\/\/www.instalighting.de\/anwendungen\/individuals\/\" \/>\n<meta property=\"og:locale\" content=\"en_GB\" \/>\n<meta property=\"og:type\" content=\"article\" \/>\n<meta property=\"og:title\" content=\"Individuall\u00f6sungen - InstaLighting\" \/>\n<meta property=\"og:description\" content=\"Kundenspezifische Beleuchtungsl\u00f6sungen made by InstaLighting Besondere architektonische Konzepte werden durch Licht erst sichtbar. Idealerweise ist die Leuchte dabei Teil der Architektur und integriert sich in Form und Material nahtlos in den gebauten Raum. Ebenso bedeutsam ist die Lichtwirkung, die eine herausgehobene gestalterische Bedeutung hat. Wir verstehen deshalb Licht als die vierte Dimension von Architektur. InstaLighting [&hellip;]\" \/>\n<meta property=\"og:url\" content=\"https:\/\/www.instalighting.de\/anwendungen\/individuals\/\" \/>\n<meta property=\"og:site_name\" content=\"InstaLighting\" \/>\n<meta property=\"article:modified_time\" content=\"2022-10-29T15:59:18+00:00\" \/>\n<meta name=\"twitter:card\" content=\"summary_large_image\" \/>\n<meta name=\"twitter:label1\" content=\"Estimated reading time\" \/>\n\t<meta name=\"twitter:data1\" content=\"1 minute\" \/>\n<script type=\"application\/ld+json\" class=\"yoast-schema-graph\">{\"@context\":\"https:\\\/\\\/schema.org\",\"@graph\":[{\"@type\":\"WebPage\",\"@id\":\"https:\\\/\\\/www.instalighting.de\\\/anwendungen\\\/individuals\\\/\",\"url\":\"https:\\\/\\\/www.instalighting.de\\\/anwendungen\\\/individuals\\\/\",\"name\":\"Individuall\u00f6sungen - InstaLighting\",\"isPartOf\":{\"@id\":\"https:\\\/\\\/insta.systemtest.io\\\/#website\"},\"datePublished\":\"2021-06-24T23:18:42+00:00\",\"dateModified\":\"2022-10-29T15:59:18+00:00\",\"breadcrumb\":{\"@id\":\"https:\\\/\\\/www.instalighting.de\\\/anwendungen\\\/individuals\\\/#breadcrumb\"},\"inLanguage\":\"en-GB\",\"potentialAction\":[{\"@type\":\"ReadAction\",\"target\":[\"https:\\\/\\\/www.instalighting.de\\\/anwendungen\\\/individuals\\\/\"]}]},{\"@type\":\"BreadcrumbList\",\"@id\":\"https:\\\/\\\/www.instalighting.de\\\/anwendungen\\\/individuals\\\/#breadcrumb\",\"itemListElement\":[{\"@type\":\"ListItem\",\"position\":1,\"name\":\"instalighting.de\",\"item\":\"https:\\\/\\\/insta.systemtest.io\\\/homepage\\\/\"},{\"@type\":\"ListItem\",\"position\":2,\"name\":\"Anwendungen\",\"item\":\"https:\\\/\\\/www.instalighting.de\\\/anwendungen\\\/\"},{\"@type\":\"ListItem\",\"position\":3,\"name\":\"Individuall\u00f6sungen\"}]},{\"@type\":\"WebSite\",\"@id\":\"https:\\\/\\\/insta.systemtest.io\\\/#website\",\"url\":\"https:\\\/\\\/insta.systemtest.io\\\/\",\"name\":\"InstaLighting\",\"description\":\"Light as a solution\",\"potentialAction\":[{\"@type\":\"SearchAction\",\"target\":{\"@type\":\"EntryPoint\",\"urlTemplate\":\"https:\\\/\\\/insta.systemtest.io\\\/?s={search_term_string}\"},\"query-input\":{\"@type\":\"PropertyValueSpecification\",\"valueRequired\":true,\"valueName\":\"search_term_string\"}}],\"inLanguage\":\"en-GB\"}]}<\/script>\n<!-- \/ Yoast SEO plugin. -->","yoast_head_json":{"title":"Individual solutions - InstaLighting","robots":{"index":"index","follow":"follow","max-snippet":"max-snippet:-1","max-image-preview":"max-image-preview:large","max-video-preview":"max-video-preview:-1"},"canonical":"https:\/\/www.instalighting.de\/anwendungen\/individuals\/","og_locale":"en_GB","og_type":"article","og_title":"Individuall\u00f6sungen - InstaLighting","og_description":"Kundenspezifische Beleuchtungsl\u00f6sungen made by InstaLighting Besondere architektonische Konzepte werden durch Licht erst sichtbar. Idealerweise ist die Leuchte dabei Teil der Architektur und integriert sich in Form und Material nahtlos in den gebauten Raum. Ebenso bedeutsam ist die Lichtwirkung, die eine herausgehobene gestalterische Bedeutung hat. Wir verstehen deshalb Licht als die vierte Dimension von Architektur. InstaLighting [&hellip;]","og_url":"https:\/\/www.instalighting.de\/anwendungen\/individuals\/","og_site_name":"InstaLighting","article_modified_time":"2022-10-29T15:59:18+00:00","twitter_card":"summary_large_image","twitter_misc":{"Estimated reading time":"1 minute"},"schema":{"@context":"https:\/\/schema.org","@graph":[{"@type":"WebPage","@id":"https:\/\/www.instalighting.de\/anwendungen\/individuals\/","url":"https:\/\/www.instalighting.de\/anwendungen\/individuals\/","name":"Individual solutions - InstaLighting","isPartOf":{"@id":"https:\/\/insta.systemtest.io\/#website"},"datePublished":"2021-06-24T23:18:42+00:00","dateModified":"2022-10-29T15:59:18+00:00","breadcrumb":{"@id":"https:\/\/www.instalighting.de\/anwendungen\/individuals\/#breadcrumb"},"inLanguage":"en-GB","potentialAction":[{"@type":"ReadAction","target":["https:\/\/www.instalighting.de\/anwendungen\/individuals\/"]}]},{"@type":"BreadcrumbList","@id":"https:\/\/www.instalighting.de\/anwendungen\/individuals\/#breadcrumb","itemListElement":[{"@type":"ListItem","position":1,"name":"instalighting.de","item":"https:\/\/insta.systemtest.io\/homepage\/"},{"@type":"ListItem","position":2,"name":"Anwendungen","item":"https:\/\/www.instalighting.de\/anwendungen\/"},{"@type":"ListItem","position":3,"name":"Individuall\u00f6sungen"}]},{"@type":"WebSite","@id":"https:\/\/insta.systemtest.io\/#website","url":"https:\/\/insta.systemtest.io\/","name":"InstaLighting","description":"Light as a solution","potentialAction":[{"@type":"SearchAction","target":{"@type":"EntryPoint","urlTemplate":"https:\/\/insta.systemtest.io\/?s={search_term_string}"},"query-input":{"@type":"PropertyValueSpecification","valueRequired":true,"valueName":"search_term_string"}}],"inLanguage":"en-GB"}]}},"_links":{"self":[{"href":"https:\/\/insta.systemtest.io\/en\/wp-json\/wp\/v2\/pages\/5877","targetHints":{"allow":["GET"]}}],"collection":[{"href":"https:\/\/insta.systemtest.io\/en\/wp-json\/wp\/v2\/pages"}],"about":[{"href":"https:\/\/insta.systemtest.io\/en\/wp-json\/wp\/v2\/types\/page"}],"author":[{"embeddable":true,"href":"https:\/\/insta.systemtest.io\/en\/wp-json\/wp\/v2\/users\/3"}],"replies":[{"embeddable":true,"href":"https:\/\/insta.systemtest.io\/en\/wp-json\/wp\/v2\/comments?post=5877"}],"version-history":[{"count":57,"href":"https:\/\/insta.systemtest.io\/en\/wp-json\/wp\/v2\/pages\/5877\/revisions"}],"predecessor-version":[{"id":11246,"href":"https:\/\/insta.systemtest.io\/en\/wp-json\/wp\/v2\/pages\/5877\/revisions\/11246"}],"up":[{"embeddable":true,"href":"https:\/\/insta.systemtest.io\/en\/wp-json\/wp\/v2\/pages\/5732"}],"wp:attachment":[{"href":"https:\/\/insta.systemtest.io\/en\/wp-json\/wp\/v2\/media?parent=5877"}],"curies":[{"name":"wp","href":"https:\/\/api.w.org\/{rel}","templated":true}]}}