{"id":109,"date":"2021-04-23T15:32:14","date_gmt":"2021-04-23T15:32:14","guid":{"rendered":"http:\/\/insta.lichtvoorraad.nl\/?page_id=109"},"modified":"2025-09-02T15:32:23","modified_gmt":"2025-09-02T13:32:23","slug":"trabajos","status":"publish","type":"page","link":"https:\/\/insta.systemtest.io\/es\/jobs\/","title":{"rendered":"Trabajos"},"content":{"rendered":"\n<h2 class=\"table__unbordered--heading\">Offene Stellen<\/h2>\n<div class=\"table__wrap\">\n    <table class=\"table__unbordered jobstable\">\n        <tbody>\n                        <tr class=\"table__unbordered--row\">\n                    <td><a href=\"https:\/\/insta.systemtest.io\/es\/jobs\/area-sales-manager-export\/\">\u2192 Area Sales Manager Export (m\/w\/d)<\/a><\/td>\n                    <td class=\"table__unbordered--ort\"><a href=\"https:\/\/insta.systemtest.io\/es\/jobs\/area-sales-manager-export\/\">\n                                                    <\/a>\n                    <\/td>\n                <\/tr>\n                            <tr class=\"table__unbordered--row\">\n                    <td><a href=\"https:\/\/insta.systemtest.io\/es\/jobs\/key-account-manager-m-w-d\/\">\u2192 Key Account Manager (m\/w\/d)<\/a><\/td>\n                    <td class=\"table__unbordered--ort\"><a href=\"https:\/\/insta.systemtest.io\/es\/jobs\/key-account-manager-m-w-d\/\">\n                                                            <p>Brilon<\/p>\n                                                    <\/a>\n                    <\/td>\n                <\/tr>\n                            <tr class=\"table__unbordered--row\">\n                    <td><a href=\"https:\/\/insta.systemtest.io\/es\/jobs\/vertriebsmitarbeiter-im-innendienst-m-w-d\/\">\u2192 Vertriebsmitarbeiter Innendienst (m\/w\/d)<\/a><\/td>\n                    <td class=\"table__unbordered--ort\"><a href=\"https:\/\/insta.systemtest.io\/es\/jobs\/vertriebsmitarbeiter-im-innendienst-m-w-d\/\">\n                                                            <p>Brilon<\/p>\n                                                    <\/a>\n                    <\/td>\n                <\/tr>\n                            <tr class=\"table__unbordered--row\">\n                    <td><a href=\"https:\/\/insta.systemtest.io\/es\/jobs\/allrounder-lager-versand-m-w-d\/\">\u2192 Allrounder Lager &#038; Versand (m\/w\/d)<\/a><\/td>\n                    <td class=\"table__unbordered--ort\"><a href=\"https:\/\/insta.systemtest.io\/es\/jobs\/allrounder-lager-versand-m-w-d\/\">\n                                                            <p>Brilon<\/p>\n                                                    <\/a>\n                    <\/td>\n                <\/tr>\n                            <tr class=\"table__unbordered--row\">\n                    <td><a href=\"https:\/\/insta.systemtest.io\/es\/jobs\/mitarbeiter-einkauf-m-w-d-2\/\">\u2192 Mitarbeiter Einkauf  (m\/w\/d)<\/a><\/td>\n                    <td class=\"table__unbordered--ort\"><a href=\"https:\/\/insta.systemtest.io\/es\/jobs\/mitarbeiter-einkauf-m-w-d-2\/\">\n                                                            <p>Brilon<\/p>\n                                                    <\/a>\n                    <\/td>\n                <\/tr>\n                            <tr class=\"table__unbordered--row\">\n                    <td><a href=\"https:\/\/insta.systemtest.io\/es\/jobs\/mitarbeiter-produktion-m-w-d\/\">\u2192 Mitarbeiter Produktion (m\/w\/d)<\/a><\/td>\n                    <td class=\"table__unbordered--ort\"><a href=\"https:\/\/insta.systemtest.io\/es\/jobs\/mitarbeiter-produktion-m-w-d\/\">\n                                                            <p style=\"text-align: left;\">Brilon<\/p>\n                                                    <\/a>\n                    <\/td>\n                <\/tr>\n                    <\/tbody>\n    <\/table>\n<\/div>\n\n\n<h2 class=\"wp-block-heading\">Initiativbewerbung<\/h2>\n\n\n\n<p>Keine passende Stellenausschreibung f\u00fcr Sie dabei? Wir freuen uns \u00fcber Ihre aussagekr\u00e4ftige Initiativbewerbung.<br>Gestalten Sie mit uns die Zukunft! Wir sind stetig auf der Suche nach neuen Talenten.<\/p>\n\n\n\n<h3 class=\"wp-block-heading jobs-h3\">Nutzen Sie bitte das nachfolgende Bewerbungsformular:<\/h3>\n\n\n<div class=\"wpforms-container wpforms-container-full wpforms-block wpforms-block-3d0c55bc-2fd6-4851-a1f0-f8d8c551cfb0\" id=\"wpforms-11057\"><form id=\"wpforms-form-11057\" class=\"wpforms-validate wpforms-form wpforms-ajax-form\" data-formid=\"11057\" method=\"post\" enctype=\"multipart\/form-data\" action=\"\/es\/wp-json\/wp\/v2\/pages\/109?wpforms_form_id=11057\" data-token=\"5680b3f5278da3659b769a3df7ced24e\" data-token-time=\"1775517244\"><noscript class=\"wpforms-error-noscript\">Por favor, activa JavaScript en tu navegador para completar este formulario.<\/noscript><div class=\"wpforms-field-container\"><div id=\"wpforms-11057-field_3-container\" class=\"wpforms-field wpforms-field-text\" data-field-id=\"3\"><label class=\"wpforms-field-label wpforms-label-hide\" for=\"wpforms-11057-field_3\">Vorname <span class=\"wpforms-required-label\">*<\/span><\/label><input type=\"text\" id=\"wpforms-11057-field_3\" class=\"wpforms-field-large wpforms-field-required\" name=\"wpforms[fields][3]\" placeholder=\"Vorname *\" required><\/div><div id=\"wpforms-11057-field_4-container\" class=\"wpforms-field wpforms-field-text\" data-field-id=\"4\"><label class=\"wpforms-field-label wpforms-label-hide\" for=\"wpforms-11057-field_4\">Nachname <span class=\"wpforms-required-label\">*<\/span><\/label><input type=\"text\" id=\"wpforms-11057-field_4\" class=\"wpforms-field-large wpforms-field-required\" name=\"wpforms[fields][4]\" placeholder=\"Nachname *\" required><\/div><div id=\"wpforms-11057-field_2-container\" class=\"wpforms-field wpforms-field-text\" data-field-id=\"2\"><label class=\"wpforms-field-label wpforms-label-hide\" for=\"wpforms-11057-field_2\">Stra\u00dfe uns Hausnummer * <span class=\"wpforms-required-label\">*<\/span><\/label><input type=\"text\" id=\"wpforms-11057-field_2\" class=\"wpforms-field-large wpforms-field-required\" name=\"wpforms[fields][2]\" placeholder=\"Stra\u00dfe uns Hausnummer *\" required><\/div><div id=\"wpforms-11057-field_8-container\" class=\"wpforms-field wpforms-field-text\" data-field-id=\"8\"><label class=\"wpforms-field-label wpforms-label-hide\" for=\"wpforms-11057-field_8\">PLZ und Ort * <span class=\"wpforms-required-label\">*<\/span><\/label><input type=\"text\" id=\"wpforms-11057-field_8\" class=\"wpforms-field-large wpforms-field-required\" name=\"wpforms[fields][8]\" placeholder=\"PLZ und Ort *\" required><\/div><div id=\"wpforms-11057-field_6-container\" class=\"wpforms-field wpforms-field-email\" data-field-id=\"6\"><label class=\"wpforms-field-label wpforms-label-hide\" for=\"wpforms-11057-field_6\">Email <span class=\"wpforms-required-label\">*<\/span><\/label><input type=\"email\" id=\"wpforms-11057-field_6\" class=\"wpforms-field-large wpforms-field-required\" name=\"wpforms[fields][6]\" placeholder=\"Email *\" spellcheck=\"false\" required><\/div><div id=\"wpforms-11057-field_11-container\" class=\"wpforms-field wpforms-field-text\" data-field-id=\"11\"><label class=\"wpforms-field-label wpforms-label-hide\" for=\"wpforms-11057-field_11\">Telefon <span class=\"wpforms-required-label\">*<\/span><\/label><input type=\"text\" id=\"wpforms-11057-field_11\" class=\"wpforms-field-large wpforms-field-required\" name=\"wpforms[fields][11]\" placeholder=\"Telefon *\" required><\/div><div id=\"wpforms-11057-field_7-container\" class=\"wpforms-field wpforms-field-html\" data-field-id=\"7\"><div id=\"wpforms-11057-field_7\"><strong>*Pflichtfelder<\/strong><\/div><\/div><div id=\"wpforms-11057-field_10-container\" class=\"wpforms-field wpforms-field-file-upload\" data-field-id=\"10\"><label class=\"wpforms-field-label wpforms-label-hide\" for=\"wpforms-11057-field_10\">Bestand<\/label><div\n\t\tclass=\"wpforms-uploader \"\n\t\tdata-field-id=\"10\"\n\t\tdata-form-id=\"11057\"\n\t\tdata-input-name=\"wpforms_11057_10\"\n\t\tdata-extensions=\"jpg,jpeg,jpe,gif,png,bmp,tiff,tif,webp,avif,ico,heic,heif,heics,heifs,asf,asx,wmv,wmx,wm,avi,divx,mov,qt,mpeg,mpg,mpe,mp4,m4v,ogv,webm,mkv,3gp,3gpp,3g2,3gp2,txt,asc,c,cc,h,srt,csv,tsv,ics,rtx,css,vtt,mp3,m4a,m4b,aac,ra,ram,wav,x-wav,ogg,oga,flac,mid,midi,wma,wax,mka,rtf,pdf,class,tar,zip,gz,gzip,rar,7z,psd,xcf,doc,pot,pps,ppt,wri,xla,xls,xlt,xlw,mpp,docx,docm,dotx,dotm,xlsx,xlsm,xlsb,xltx,xltm,xlam,pptx,pptm,ppsx,ppsm,potx,potm,ppam,sldx,sldm,onetoc,onetoc2,onepkg,oxps,xps,odt,odp,ods,odg,odc,odb,odf,wp,wpd,key,numbers,pages,svg\"\n\t\tdata-max-size=\"2097152\"\n\t\tdata-max-file-number=\"1\"\n\t\tdata-post-max-size=\"2097152\"\n\t\tdata-max-parallel-uploads=\"4\"\n\t\tdata-parallel-uploads=\"true\"\n\t\tdata-file-chunk-size=\"2097152\">\n\t<div class=\"dz-message\">\n\t\t<svg  viewBox=\"0 0 640 640\" focusable=\"false\" data-icon=\"inbox\" width=\"50px\" height=\"50px\" fill=\"currentColor\" aria-hidden=\"true\">\n\t\t\t<path d=\"M352 173.3L352 384C352 401.7 337.7 416 320 416C302.3 416 288 401.7 288 384L288 173.3L246.6 214.7C234.1 227.2 213.8 227.2 201.3 214.7C188.8 202.2 188.8 181.9 201.3 169.4L297.3 73.4C309.8 60.9 330.1 60.9 342.6 73.4L438.6 169.4C451.1 181.9 451.1 202.2 438.6 214.7C426.1 227.2 405.8 227.2 393.3 214.7L352 173.3zM320 464C364.2 464 400 428.2 400 384L480 384C515.3 384 544 412.7 544 448L544 480C544 515.3 515.3 544 480 544L160 544C124.7 544 96 515.3 96 480L96 448C96 412.7 124.7 384 160 384L240 384C240 428.2 275.8 464 320 464zM464 488C477.3 488 488 477.3 488 464C488 450.7 477.3 440 464 440C450.7 440 440 450.7 440 464C440 477.3 450.7 488 464 488z\"\/>\n\t\t<\/svg>\n\n\t\t<span class=\"modern-title\">\n\t\t\t\t\t\t\tDrag &amp; Drop Files, \t\t\t\t<span>Choose Files to Upload<\/span>\n\t\t\t\t\t<\/span>\n\n\t\t\t<\/div>\n<\/div>\n\n<input\n\t\ttype=\"text\"\n\t\tautocomplete=\"off\"\n\t\treadonly\n\t\tclass=\"dropzone-input\"\n\t\tstyle=\"position:absolute!important;clip:rect(0,0,0,0)!important;height:1px!important;width:1px!important;border:0!important;overflow:hidden!important;padding:0!important;margin:0!important;\"\n\t\tid=\"wpforms-11057-field_10\"\n\t\tname=\"wpforms_11057_10\" \t\tvalue=\"\">\n<\/div><\/div><!-- .wpforms-field-container --><div class=\"wpforms-submit-container\" ><input type=\"hidden\" name=\"wpforms[id]\" value=\"11057\"><input type=\"hidden\" name=\"page_title\" value=\"\"><input type=\"hidden\" name=\"page_url\" value=\"https:\/\/insta.systemtest.io\/es\/wp-json\/wp\/v2\/pages\/109\"><input type=\"hidden\" name=\"url_referer\" value=\"\"><button type=\"submit\" name=\"wpforms[submit]\" id=\"wpforms-submit-11057\" class=\"wpforms-submit\" data-alt-text=\"Abschicken...\" data-submit-text=\"Abschicken\" aria-live=\"assertive\" value=\"wpforms-submit\">Abschicken<\/button><img loading=\"lazy\" decoding=\"async\" src=\"https:\/\/insta.systemtest.io\/wp-content\/plugins\/wpforms\/assets\/images\/submit-spin.svg\" class=\"wpforms-submit-spinner\" style=\"display: none;\" width=\"26\" height=\"26\" alt=\"Cargando\"><\/div><\/form><\/div>  <!-- .wpforms-container -->\n\n\n<p><\/p>\n","protected":false},"excerpt":{"rendered":"<p>Solicitud no solicitada \u00bfNo hay una vacante adecuada para usted? Esperamos recibir su significativa solicitud no solicitada. \u00a1D\u00e9le forma al futuro con nosotros! Estamos en constante b\u00fasqueda de nuevos talentos. Utilice el siguiente formulario de solicitud:<\/p>","protected":false},"author":3,"featured_media":0,"parent":0,"menu_order":0,"comment_status":"closed","ping_status":"closed","template":"templates\/simple-page.php","meta":{"_acf_changed":false,"footnotes":""},"class_list":["post-109","page","type-page","status-publish","hentry"],"acf":[],"yoast_head":"<!-- This site is optimized with the Yoast SEO plugin v27.3 - https:\/\/yoast.com\/product\/yoast-seo-wordpress\/ -->\n<title>Jobs - InstaLighting<\/title>\n<meta name=\"robots\" content=\"index, follow, max-snippet:-1, max-image-preview:large, max-video-preview:-1\" \/>\n<link rel=\"canonical\" href=\"https:\/\/www.instalighting.de\/jobs\/\" \/>\n<meta property=\"og:locale\" content=\"es_ES\" \/>\n<meta property=\"og:type\" content=\"article\" \/>\n<meta property=\"og:title\" content=\"Jobs - InstaLighting\" \/>\n<meta property=\"og:description\" content=\"Initiativbewerbung Keine passende Stellenausschreibung f\u00fcr Sie dabei? Wir freuen uns \u00fcber Ihre aussagekr\u00e4ftige Initiativbewerbung.Gestalten Sie mit uns die Zukunft! Wir sind stetig auf der Suche nach neuen Talenten. Nutzen Sie bitte das nachfolgende Bewerbungsformular:\" \/>\n<meta property=\"og:url\" content=\"https:\/\/www.instalighting.de\/jobs\/\" \/>\n<meta property=\"og:site_name\" content=\"InstaLighting\" \/>\n<meta property=\"article:modified_time\" content=\"2025-09-02T13:32:23+00:00\" \/>\n<meta name=\"twitter:card\" content=\"summary_large_image\" \/>\n<meta name=\"twitter:label1\" content=\"Tiempo de lectura\" \/>\n\t<meta name=\"twitter:data1\" content=\"1 minuto\" \/>\n<script type=\"application\/ld+json\" class=\"yoast-schema-graph\">{\"@context\":\"https:\\\/\\\/schema.org\",\"@graph\":[{\"@type\":\"WebPage\",\"@id\":\"https:\\\/\\\/www.instalighting.de\\\/jobs\\\/\",\"url\":\"https:\\\/\\\/www.instalighting.de\\\/jobs\\\/\",\"name\":\"Jobs - InstaLighting\",\"isPartOf\":{\"@id\":\"https:\\\/\\\/insta.systemtest.io\\\/#website\"},\"datePublished\":\"2021-04-23T15:32:14+00:00\",\"dateModified\":\"2025-09-02T13:32:23+00:00\",\"breadcrumb\":{\"@id\":\"https:\\\/\\\/www.instalighting.de\\\/jobs\\\/#breadcrumb\"},\"inLanguage\":\"es\",\"potentialAction\":[{\"@type\":\"ReadAction\",\"target\":[\"https:\\\/\\\/www.instalighting.de\\\/jobs\\\/\"]}]},{\"@type\":\"BreadcrumbList\",\"@id\":\"https:\\\/\\\/www.instalighting.de\\\/jobs\\\/#breadcrumb\",\"itemListElement\":[{\"@type\":\"ListItem\",\"position\":1,\"name\":\"instalighting.de\",\"item\":\"https:\\\/\\\/insta.systemtest.io\\\/homepage\\\/\"},{\"@type\":\"ListItem\",\"position\":2,\"name\":\"Jobs\"}]},{\"@type\":\"WebSite\",\"@id\":\"https:\\\/\\\/insta.systemtest.io\\\/#website\",\"url\":\"https:\\\/\\\/insta.systemtest.io\\\/\",\"name\":\"InstaLighting\",\"description\":\"Light as a solution\",\"potentialAction\":[{\"@type\":\"SearchAction\",\"target\":{\"@type\":\"EntryPoint\",\"urlTemplate\":\"https:\\\/\\\/insta.systemtest.io\\\/?s={search_term_string}\"},\"query-input\":{\"@type\":\"PropertyValueSpecification\",\"valueRequired\":true,\"valueName\":\"search_term_string\"}}],\"inLanguage\":\"es\"}]}<\/script>\n<!-- \/ Yoast SEO plugin. -->","yoast_head_json":{"title":"Trabajos - InstaLighting","robots":{"index":"index","follow":"follow","max-snippet":"max-snippet:-1","max-image-preview":"max-image-preview:large","max-video-preview":"max-video-preview:-1"},"canonical":"https:\/\/www.instalighting.de\/jobs\/","og_locale":"es_ES","og_type":"article","og_title":"Jobs - InstaLighting","og_description":"Initiativbewerbung Keine passende Stellenausschreibung f\u00fcr Sie dabei? Wir freuen uns \u00fcber Ihre aussagekr\u00e4ftige Initiativbewerbung.Gestalten Sie mit uns die Zukunft! Wir sind stetig auf der Suche nach neuen Talenten. Nutzen Sie bitte das nachfolgende Bewerbungsformular:","og_url":"https:\/\/www.instalighting.de\/jobs\/","og_site_name":"InstaLighting","article_modified_time":"2025-09-02T13:32:23+00:00","twitter_card":"summary_large_image","twitter_misc":{"Tiempo de lectura":"1 minuto"},"schema":{"@context":"https:\/\/schema.org","@graph":[{"@type":"WebPage","@id":"https:\/\/www.instalighting.de\/jobs\/","url":"https:\/\/www.instalighting.de\/jobs\/","name":"Trabajos - InstaLighting","isPartOf":{"@id":"https:\/\/insta.systemtest.io\/#website"},"datePublished":"2021-04-23T15:32:14+00:00","dateModified":"2025-09-02T13:32:23+00:00","breadcrumb":{"@id":"https:\/\/www.instalighting.de\/jobs\/#breadcrumb"},"inLanguage":"es","potentialAction":[{"@type":"ReadAction","target":["https:\/\/www.instalighting.de\/jobs\/"]}]},{"@type":"BreadcrumbList","@id":"https:\/\/www.instalighting.de\/jobs\/#breadcrumb","itemListElement":[{"@type":"ListItem","position":1,"name":"instalighting.de","item":"https:\/\/insta.systemtest.io\/homepage\/"},{"@type":"ListItem","position":2,"name":"Jobs"}]},{"@type":"WebSite","@id":"https:\/\/insta.systemtest.io\/#website","url":"https:\/\/insta.systemtest.io\/","name":"InstaLighting","description":"La luz como soluci\u00f3n","potentialAction":[{"@type":"SearchAction","target":{"@type":"EntryPoint","urlTemplate":"https:\/\/insta.systemtest.io\/?s={search_term_string}"},"query-input":{"@type":"PropertyValueSpecification","valueRequired":true,"valueName":"search_term_string"}}],"inLanguage":"es"}]}},"_links":{"self":[{"href":"https:\/\/insta.systemtest.io\/es\/wp-json\/wp\/v2\/pages\/109","targetHints":{"allow":["GET"]}}],"collection":[{"href":"https:\/\/insta.systemtest.io\/es\/wp-json\/wp\/v2\/pages"}],"about":[{"href":"https:\/\/insta.systemtest.io\/es\/wp-json\/wp\/v2\/types\/page"}],"author":[{"embeddable":true,"href":"https:\/\/insta.systemtest.io\/es\/wp-json\/wp\/v2\/users\/3"}],"replies":[{"embeddable":true,"href":"https:\/\/insta.systemtest.io\/es\/wp-json\/wp\/v2\/comments?post=109"}],"version-history":[{"count":193,"href":"https:\/\/insta.systemtest.io\/es\/wp-json\/wp\/v2\/pages\/109\/revisions"}],"predecessor-version":[{"id":14344,"href":"https:\/\/insta.systemtest.io\/es\/wp-json\/wp\/v2\/pages\/109\/revisions\/14344"}],"wp:attachment":[{"href":"https:\/\/insta.systemtest.io\/es\/wp-json\/wp\/v2\/media?parent=109"}],"curies":[{"name":"wp","href":"https:\/\/api.w.org\/{rel}","templated":true}]}}