{"id":2101,"date":"2021-05-26T09:27:53","date_gmt":"2021-05-26T09:27:53","guid":{"rendered":"https:\/\/insta.lichtvoorraad.nl\/?page_id=2101"},"modified":"2022-11-04T14:52:52","modified_gmt":"2022-11-04T13:52:52","slug":"notiziario","status":"publish","type":"page","link":"https:\/\/insta.systemtest.io\/it\/newsletter\/","title":{"rendered":"Newsletter"},"content":{"rendered":"\n<h2 class=\"wp-block-heading\">Melden Sie sich f\u00fcr unseren Newsletter an und bleiben Sie immer auf dem Laufenden<\/h2>\n\n\n\n<p>Unser Newsletter informiert Sie regelm\u00e4\u00dfig und bequem \u00fcber aktuelle Produktneuheiten und Entwicklungen von InstaLighting.<\/p>\n\n\n\n<p>Ihre Daten werden selbstverst\u00e4ndlich streng vertraulich behandelt. Um den InstaLighting Newsletter zu erhalten, f\u00fcllen Sie bitte die untenstehenden Felder aus. Die mit (*) gekennzeichneten Felder sind Pflichtangaben.<\/p>\n\n\n<div class=\"wpforms-container wpforms-container-full wpforms-block\" id=\"wpforms-10993\"><form id=\"wpforms-form-10993\" class=\"wpforms-validate wpforms-form wpforms-ajax-form\" data-formid=\"10993\" method=\"post\" enctype=\"multipart\/form-data\" action=\"\/it\/wp-json\/wp\/v2\/pages\/2101\" data-token=\"f3521c98c238c84863034ed1dfa54d6e\" data-token-time=\"1775528740\"><noscript class=\"wpforms-error-noscript\">Abilita JavaScript nel browser per completare questo modulo.<\/noscript><div class=\"wpforms-field-container\"><div id=\"wpforms-10993-field_2-container\" class=\"wpforms-field wpforms-field-text\" data-field-id=\"2\"><label class=\"wpforms-field-label wpforms-label-hide\" for=\"wpforms-10993-field_2\">Anrede<\/label><input type=\"text\" id=\"wpforms-10993-field_2\" class=\"wpforms-field-large\" name=\"wpforms[fields][2]\" placeholder=\"Anrede\" ><\/div><div id=\"wpforms-10993-field_3-container\" class=\"wpforms-field wpforms-field-text\" data-field-id=\"3\"><label class=\"wpforms-field-label wpforms-label-hide\" for=\"wpforms-10993-field_3\">Vorname<\/label><input type=\"text\" id=\"wpforms-10993-field_3\" class=\"wpforms-field-large\" name=\"wpforms[fields][3]\" placeholder=\"Vorname\" ><\/div><div id=\"wpforms-10993-field_4-container\" class=\"wpforms-field wpforms-field-text\" data-field-id=\"4\"><label class=\"wpforms-field-label wpforms-label-hide\" for=\"wpforms-10993-field_4\">Nachname<\/label><input type=\"text\" id=\"wpforms-10993-field_4\" class=\"wpforms-field-large\" name=\"wpforms[fields][4]\" placeholder=\"Nachname\" ><\/div><div id=\"wpforms-10993-field_6-container\" class=\"wpforms-field wpforms-field-email\" data-field-id=\"6\"><label class=\"wpforms-field-label wpforms-label-hide\" for=\"wpforms-10993-field_6\">Email <span class=\"wpforms-required-label\">*<\/span><\/label><input type=\"email\" id=\"wpforms-10993-field_6\" class=\"wpforms-field-large wpforms-field-required\" name=\"wpforms[fields][6]\" placeholder=\"Email *\" spellcheck=\"false\" required><\/div><div id=\"wpforms-10993-field_7-container\" class=\"wpforms-field wpforms-field-html\" data-field-id=\"7\"><div id=\"wpforms-10993-field_7\">*Pflichtfelder<\/div><\/div><\/div><!-- .wpforms-field-container --><div class=\"wpforms-submit-container\" ><input type=\"hidden\" name=\"wpforms[id]\" value=\"10993\"><input type=\"hidden\" name=\"page_title\" value=\"\"><input type=\"hidden\" name=\"page_url\" value=\"https:\/\/insta.systemtest.io\/it\/wp-json\/wp\/v2\/pages\/2101\"><input type=\"hidden\" name=\"url_referer\" value=\"\"><button type=\"submit\" name=\"wpforms[submit]\" id=\"wpforms-submit-10993\" class=\"wpforms-submit\" data-alt-text=\"Abschicken...\" data-submit-text=\"Abschicken\" aria-live=\"assertive\" value=\"wpforms-submit\">Abschicken<\/button><img loading=\"lazy\" decoding=\"async\" src=\"https:\/\/insta.systemtest.io\/wp-content\/plugins\/wpforms\/assets\/images\/submit-spin.svg\" class=\"wpforms-submit-spinner\" style=\"display: none;\" width=\"26\" height=\"26\" alt=\"Caricamento\"><\/div><\/form><\/div>  <!-- .wpforms-container -->","protected":false},"excerpt":{"rendered":"<p>Iscriviti alla nostra newsletter e rimani aggiornato La nostra newsletter ti informa regolarmente e comodamente sulle ultime innovazioni e sviluppi dei prodotti InstaLighting. I tuoi dati saranno ovviamente trattati in modo strettamente confidenziale. Per ricevere la newsletter di InstaLighting, compila i campi sottostanti. I campi contrassegnati con (*) sono obbligatori.<\/p>","protected":false},"author":3,"featured_media":0,"parent":0,"menu_order":0,"comment_status":"closed","ping_status":"closed","template":"templates\/simple-page.php","meta":{"_acf_changed":false,"footnotes":""},"class_list":["post-2101","page","type-page","status-publish","hentry"],"acf":[],"yoast_head":"<!-- This site is optimized with the Yoast SEO plugin v27.3 - https:\/\/yoast.com\/product\/yoast-seo-wordpress\/ -->\n<title>Newsletter - InstaLighting<\/title>\n<meta name=\"robots\" content=\"index, follow, max-snippet:-1, max-image-preview:large, max-video-preview:-1\" \/>\n<link rel=\"canonical\" href=\"https:\/\/www.instalighting.de\/en\/newsletter\/\" \/>\n<meta property=\"og:locale\" content=\"it_IT\" \/>\n<meta property=\"og:type\" content=\"article\" \/>\n<meta property=\"og:title\" content=\"Newsletter - InstaLighting\" \/>\n<meta property=\"og:description\" content=\"Melden Sie sich f\u00fcr unseren Newsletter an und bleiben Sie immer auf dem Laufenden Unser Newsletter informiert Sie regelm\u00e4\u00dfig und bequem \u00fcber aktuelle Produktneuheiten und Entwicklungen von InstaLighting. Ihre Daten werden selbstverst\u00e4ndlich streng vertraulich behandelt. Um den InstaLighting Newsletter zu erhalten, f\u00fcllen Sie bitte die untenstehenden Felder aus. Die mit (*) gekennzeichneten Felder sind Pflichtangaben.\" \/>\n<meta property=\"og:url\" content=\"https:\/\/www.instalighting.de\/en\/newsletter\/\" \/>\n<meta property=\"og:site_name\" content=\"InstaLighting\" \/>\n<meta property=\"article:modified_time\" content=\"2022-11-04T13:52:52+00:00\" \/>\n<meta name=\"twitter:card\" content=\"summary_large_image\" \/>\n<meta name=\"twitter:label1\" content=\"Tempo di lettura stimato\" \/>\n\t<meta name=\"twitter:data1\" content=\"1 minuto\" \/>\n<script type=\"application\/ld+json\" class=\"yoast-schema-graph\">{\"@context\":\"https:\\\/\\\/schema.org\",\"@graph\":[{\"@type\":\"WebPage\",\"@id\":\"https:\\\/\\\/www.instalighting.de\\\/en\\\/newsletter\\\/\",\"url\":\"https:\\\/\\\/www.instalighting.de\\\/en\\\/newsletter\\\/\",\"name\":\"Newsletter - InstaLighting\",\"isPartOf\":{\"@id\":\"https:\\\/\\\/insta.systemtest.io\\\/#website\"},\"datePublished\":\"2021-05-26T09:27:53+00:00\",\"dateModified\":\"2022-11-04T13:52:52+00:00\",\"breadcrumb\":{\"@id\":\"https:\\\/\\\/www.instalighting.de\\\/en\\\/newsletter\\\/#breadcrumb\"},\"inLanguage\":\"it-IT\",\"potentialAction\":[{\"@type\":\"ReadAction\",\"target\":[\"https:\\\/\\\/www.instalighting.de\\\/en\\\/newsletter\\\/\"]}]},{\"@type\":\"BreadcrumbList\",\"@id\":\"https:\\\/\\\/www.instalighting.de\\\/en\\\/newsletter\\\/#breadcrumb\",\"itemListElement\":[{\"@type\":\"ListItem\",\"position\":1,\"name\":\"instalighting.de\",\"item\":\"https:\\\/\\\/insta.systemtest.io\\\/homepage\\\/\"},{\"@type\":\"ListItem\",\"position\":2,\"name\":\"Newsletter\"}]},{\"@type\":\"WebSite\",\"@id\":\"https:\\\/\\\/insta.systemtest.io\\\/#website\",\"url\":\"https:\\\/\\\/insta.systemtest.io\\\/\",\"name\":\"InstaLighting\",\"description\":\"Light as a solution\",\"potentialAction\":[{\"@type\":\"SearchAction\",\"target\":{\"@type\":\"EntryPoint\",\"urlTemplate\":\"https:\\\/\\\/insta.systemtest.io\\\/?s={search_term_string}\"},\"query-input\":{\"@type\":\"PropertyValueSpecification\",\"valueRequired\":true,\"valueName\":\"search_term_string\"}}],\"inLanguage\":\"it-IT\"}]}<\/script>\n<!-- \/ Yoast SEO plugin. -->","yoast_head_json":{"title":"Newsletter - InstaLighting","robots":{"index":"index","follow":"follow","max-snippet":"max-snippet:-1","max-image-preview":"max-image-preview:large","max-video-preview":"max-video-preview:-1"},"canonical":"https:\/\/www.instalighting.de\/en\/newsletter\/","og_locale":"it_IT","og_type":"article","og_title":"Newsletter - InstaLighting","og_description":"Melden Sie sich f\u00fcr unseren Newsletter an und bleiben Sie immer auf dem Laufenden Unser Newsletter informiert Sie regelm\u00e4\u00dfig und bequem \u00fcber aktuelle Produktneuheiten und Entwicklungen von InstaLighting. Ihre Daten werden selbstverst\u00e4ndlich streng vertraulich behandelt. Um den InstaLighting Newsletter zu erhalten, f\u00fcllen Sie bitte die untenstehenden Felder aus. Die mit (*) gekennzeichneten Felder sind Pflichtangaben.","og_url":"https:\/\/www.instalighting.de\/en\/newsletter\/","og_site_name":"InstaLighting","article_modified_time":"2022-11-04T13:52:52+00:00","twitter_card":"summary_large_image","twitter_misc":{"Tempo di lettura stimato":"1 minuto"},"schema":{"@context":"https:\/\/schema.org","@graph":[{"@type":"WebPage","@id":"https:\/\/www.instalighting.de\/en\/newsletter\/","url":"https:\/\/www.instalighting.de\/en\/newsletter\/","name":"Newsletter - InstaLighting","isPartOf":{"@id":"https:\/\/insta.systemtest.io\/#website"},"datePublished":"2021-05-26T09:27:53+00:00","dateModified":"2022-11-04T13:52:52+00:00","breadcrumb":{"@id":"https:\/\/www.instalighting.de\/en\/newsletter\/#breadcrumb"},"inLanguage":"it-IT","potentialAction":[{"@type":"ReadAction","target":["https:\/\/www.instalighting.de\/en\/newsletter\/"]}]},{"@type":"BreadcrumbList","@id":"https:\/\/www.instalighting.de\/en\/newsletter\/#breadcrumb","itemListElement":[{"@type":"ListItem","position":1,"name":"instalighting.de","item":"https:\/\/insta.systemtest.io\/homepage\/"},{"@type":"ListItem","position":2,"name":"Newsletter"}]},{"@type":"WebSite","@id":"https:\/\/insta.systemtest.io\/#website","url":"https:\/\/insta.systemtest.io\/","name":"InstaLighting","description":"Luce come soluzione","potentialAction":[{"@type":"SearchAction","target":{"@type":"EntryPoint","urlTemplate":"https:\/\/insta.systemtest.io\/?s={search_term_string}"},"query-input":{"@type":"PropertyValueSpecification","valueRequired":true,"valueName":"search_term_string"}}],"inLanguage":"it-IT"}]}},"_links":{"self":[{"href":"https:\/\/insta.systemtest.io\/it\/wp-json\/wp\/v2\/pages\/2101","targetHints":{"allow":["GET"]}}],"collection":[{"href":"https:\/\/insta.systemtest.io\/it\/wp-json\/wp\/v2\/pages"}],"about":[{"href":"https:\/\/insta.systemtest.io\/it\/wp-json\/wp\/v2\/types\/page"}],"author":[{"embeddable":true,"href":"https:\/\/insta.systemtest.io\/it\/wp-json\/wp\/v2\/users\/3"}],"replies":[{"embeddable":true,"href":"https:\/\/insta.systemtest.io\/it\/wp-json\/wp\/v2\/comments?post=2101"}],"version-history":[{"count":92,"href":"https:\/\/insta.systemtest.io\/it\/wp-json\/wp\/v2\/pages\/2101\/revisions"}],"predecessor-version":[{"id":12951,"href":"https:\/\/insta.systemtest.io\/it\/wp-json\/wp\/v2\/pages\/2101\/revisions\/12951"}],"wp:attachment":[{"href":"https:\/\/insta.systemtest.io\/it\/wp-json\/wp\/v2\/media?parent=2101"}],"curies":[{"name":"wp","href":"https:\/\/api.w.org\/{rel}","templated":true}]}}